{"id":4774,"date":"2016-05-19T14:17:41","date_gmt":"2016-05-19T14:17:41","guid":{"rendered":"http:\/\/www.adisfarm.com.ar\/web\/?page_id=4774"},"modified":"2016-06-22T15:04:13","modified_gmt":"2016-06-22T15:04:13","slug":"jabon-liquido-marca-aseo-2","status":"publish","type":"page","link":"http:\/\/www.adisfarm.com.ar\/web\/?page_id=4774","title":{"rendered":"Jab\u00f3n L\u00edquido Marca ASEO"},"content":{"rendered":"<section class=\"l-section wpb_row height_medium\"><div class=\"l-section-h g-html i-cf\"><div class=\"g-cols offset_small\"><div class=\" one-quarter\"><div class=\"w-slider\"><div class=\"royalSlider rsDefault\"><a class=\"rsImg\" data-rsw=\"400\" data-rsh=\"400\" data-rsBigImg=\"http:\/\/www.adisfarm.com.ar\/web\/wp-content\/uploads\/2016\/05\/classic2.jpg\" href=\"http:\/\/www.adisfarm.com.ar\/web\/wp-content\/uploads\/2016\/05\/classic2.jpg\">classic2<\/a><\/div><div class=\"w-slider-json\" onclick='return {\"transitionSpeed\":300,\"loopRewind\":true,\"slidesSpacing\":0,\"imageScalePadding\":0,\"numImagesToPreload\":2,\"arrowsNav\":true,\"arrowsNavAutoHide\":false,\"transitionType\":\"move\",\"controlNavigation\":\"bullets\",\"autoplay\":{\"enabled\":true,\"pauseOnHover\":true,\"delay\":3000},\"fullscreen\":{\"enabled\":true},\"imageScaleMode\":\"fit-if-smaller\",\"autoScaleSlider\":true,\"autoScaleSliderWidth\":400,\"autoScaleSliderHeight\":400,\"fitInViewport\":false}'><\/div><\/div><\/div><div class=\" three-quarters\"><div class=\"wpb_text_column \"><div class=\"wpb_wrapper\"><strong>JABON LIQUIDO Marca HATASU ASEO<\/strong><\/div> <\/div> <div class=\"w-separator type_invisible size_small thick_1 style_solid color_border cont_none\"><span class=\"w-separator-h\"><\/span><\/div><div class=\"wpb_text_column \"><div class=\"wpb_wrapper\"><p>Jab\u00f3n l\u00edquido de Ph neutro, derivados de aceites naturales, fragancias marina, lavanda, Lim\u00f3n, manzana, rosa.\u00a0 Marca Aseo Industria Argentina. Presentaciones: Fco con v\u00e1lvula dosificadora de 250 y\u00a0 520 cc.<\/p><\/div> <\/div> <\/div><\/div><\/div><\/section><section class=\"l-section wpb_row height_medium\"><div class=\"l-section-h g-html i-cf\"><div class=\"g-cols offset_small\"><div class=\" full-width\"><\/div><\/div><\/div><\/section>\n","protected":false},"excerpt":{"rendered":"classic2JABON LIQUIDO Marca HATASU ASEO Jab\u00f3n l\u00edquido de Ph neutro, derivados de aceites naturales, fragancias marina, lavanda, Lim\u00f3n, manzana, rosa.\u00a0 Marca Aseo Industria Argentina. Presentaciones: Fco con v\u00e1lvula dosificadora de...","protected":false},"author":2,"featured_media":0,"parent":0,"menu_order":0,"comment_status":"closed","ping_status":"closed","template":"","meta":{"footnotes":""},"class_list":["post-4774","page","type-page","status-publish","hentry"],"_links":{"self":[{"href":"http:\/\/www.adisfarm.com.ar\/web\/index.php?rest_route=\/wp\/v2\/pages\/4774"}],"collection":[{"href":"http:\/\/www.adisfarm.com.ar\/web\/index.php?rest_route=\/wp\/v2\/pages"}],"about":[{"href":"http:\/\/www.adisfarm.com.ar\/web\/index.php?rest_route=\/wp\/v2\/types\/page"}],"author":[{"embeddable":true,"href":"http:\/\/www.adisfarm.com.ar\/web\/index.php?rest_route=\/wp\/v2\/users\/2"}],"replies":[{"embeddable":true,"href":"http:\/\/www.adisfarm.com.ar\/web\/index.php?rest_route=%2Fwp%2Fv2%2Fcomments&post=4774"}],"version-history":[{"count":6,"href":"http:\/\/www.adisfarm.com.ar\/web\/index.php?rest_route=\/wp\/v2\/pages\/4774\/revisions"}],"predecessor-version":[{"id":4958,"href":"http:\/\/www.adisfarm.com.ar\/web\/index.php?rest_route=\/wp\/v2\/pages\/4774\/revisions\/4958"}],"wp:attachment":[{"href":"http:\/\/www.adisfarm.com.ar\/web\/index.php?rest_route=%2Fwp%2Fv2%2Fmedia&parent=4774"}],"curies":[{"name":"wp","href":"https:\/\/api.w.org\/{rel}","templated":true}]}}