{"id":4768,"date":"2016-05-19T14:12:49","date_gmt":"2016-05-19T14:12:49","guid":{"rendered":"http:\/\/www.adisfarm.com.ar\/web\/?page_id=4768"},"modified":"2016-06-22T13:55:26","modified_gmt":"2016-06-22T13:55:26","slug":"gel-alcoholico-para-antisepsia-de-manos-marca-hatasu-2","status":"publish","type":"page","link":"http:\/\/www.adisfarm.com.ar\/web\/?page_id=4768","title":{"rendered":"Gel Alcoholico para Antisepsia de Manos Marca HATASU"},"content":{"rendered":"<section class=\"l-section wpb_row height_medium\"><div class=\"l-section-h g-html i-cf\"><div class=\"g-cols offset_small\"><div class=\" one-quarter\"><div class=\"w-slider\"><div class=\"royalSlider rsDefault\"><a class=\"rsImg\" data-rsw=\"400\" data-rsh=\"400\" data-rsBigImg=\"http:\/\/www.adisfarm.com.ar\/web\/wp-content\/uploads\/2016\/05\/gel-duo-hatasu2.jpg\" href=\"http:\/\/www.adisfarm.com.ar\/web\/wp-content\/uploads\/2016\/05\/gel-duo-hatasu2.jpg\">gel-duo-hatasu2<\/a><\/div><div class=\"w-slider-json\" onclick='return {\"transitionSpeed\":300,\"loopRewind\":true,\"slidesSpacing\":0,\"imageScalePadding\":0,\"numImagesToPreload\":2,\"arrowsNav\":true,\"arrowsNavAutoHide\":false,\"transitionType\":\"move\",\"controlNavigation\":\"bullets\",\"autoplay\":{\"enabled\":true,\"pauseOnHover\":true,\"delay\":3000},\"fullscreen\":{\"enabled\":true},\"imageScaleMode\":\"fit-if-smaller\",\"autoScaleSlider\":true,\"autoScaleSliderWidth\":400,\"autoScaleSliderHeight\":400,\"fitInViewport\":false}'><\/div><\/div><\/div><div class=\" three-quarters\"><div class=\"wpb_text_column \"><div class=\"wpb_wrapper\"><strong>GEL ALCOHOLICO PARA ANTISEPSIA DE MANOS Marca HATASU<\/strong><\/div> <\/div> <div class=\"w-separator type_invisible size_small thick_1 style_solid color_border cont_none\"><span class=\"w-separator-h\"><\/span><\/div><div class=\"wpb_text_column \"><div class=\"wpb_wrapper\"><p>Gel Alcoh\u00f3lico para la higiene de manos especialmente formulado con emolientes, carb\u00f3mero y agua deionizada. Alta eficacia bactericida y funguicida, bajo nivel de ignici\u00f3n y continua humectaci\u00f3n de la piel por su especial composici\u00f3n, pH equilibrado, Marca Hatasu, Ind. Argentina.<br \/>\nPresentaciones: Fco x 520 ml\u00a0 con v\u00e1lvula dosificadora y Bid\u00f3n 5 litros.<\/p><\/div> <\/div> <\/div><\/div><\/div><\/section><section class=\"l-section wpb_row height_medium\"><div class=\"l-section-h g-html i-cf\"><div class=\"g-cols offset_small\"><div class=\" full-width\"><\/div><\/div><\/div><\/section>\n","protected":false},"excerpt":{"rendered":"gel-duo-hatasu2GEL ALCOHOLICO PARA ANTISEPSIA DE MANOS Marca HATASU Gel Alcoh\u00f3lico para la higiene de manos especialmente formulado con emolientes, carb\u00f3mero y agua deionizada. Alta eficacia bactericida y funguicida, bajo nivel...","protected":false},"author":2,"featured_media":0,"parent":0,"menu_order":0,"comment_status":"closed","ping_status":"closed","template":"","meta":{"footnotes":""},"class_list":["post-4768","page","type-page","status-publish","hentry"],"_links":{"self":[{"href":"http:\/\/www.adisfarm.com.ar\/web\/index.php?rest_route=\/wp\/v2\/pages\/4768"}],"collection":[{"href":"http:\/\/www.adisfarm.com.ar\/web\/index.php?rest_route=\/wp\/v2\/pages"}],"about":[{"href":"http:\/\/www.adisfarm.com.ar\/web\/index.php?rest_route=\/wp\/v2\/types\/page"}],"author":[{"embeddable":true,"href":"http:\/\/www.adisfarm.com.ar\/web\/index.php?rest_route=\/wp\/v2\/users\/2"}],"replies":[{"embeddable":true,"href":"http:\/\/www.adisfarm.com.ar\/web\/index.php?rest_route=%2Fwp%2Fv2%2Fcomments&post=4768"}],"version-history":[{"count":4,"href":"http:\/\/www.adisfarm.com.ar\/web\/index.php?rest_route=\/wp\/v2\/pages\/4768\/revisions"}],"predecessor-version":[{"id":4953,"href":"http:\/\/www.adisfarm.com.ar\/web\/index.php?rest_route=\/wp\/v2\/pages\/4768\/revisions\/4953"}],"wp:attachment":[{"href":"http:\/\/www.adisfarm.com.ar\/web\/index.php?rest_route=%2Fwp%2Fv2%2Fmedia&parent=4768"}],"curies":[{"name":"wp","href":"https:\/\/api.w.org\/{rel}","templated":true}]}}